{"id":15,"date":"2019-12-12T13:47:00","date_gmt":"2019-12-12T13:47:00","guid":{"rendered":"http:\/\/www.clatitelatopogan.ro\/?page_id=15"},"modified":"2020-02-24T14:56:04","modified_gmt":"2020-02-24T14:56:04","slug":"specialitatile-noastre","status":"publish","type":"page","link":"https:\/\/www.clatitelatopogan.ro\/index.php\/specialitatile-noastre\/","title":{"rendered":"Specialit\u0103\u021bile noastre"},"content":{"rendered":"\n<figure class=\"wp-block-image size-large\"><img loading=\"lazy\" width=\"686\" height=\"210\" src=\"http:\/\/www.clatitelatopogan.ro\/wp-content\/uploads\/2020\/01\/Clatita-la-topogan-2-2.jpg\" alt=\"\" class=\"wp-image-233\" srcset=\"https:\/\/www.clatitelatopogan.ro\/wp-content\/uploads\/2020\/01\/Clatita-la-topogan-2-2.jpg 686w, https:\/\/www.clatitelatopogan.ro\/wp-content\/uploads\/2020\/01\/Clatita-la-topogan-2-2-300x92.jpg 300w\" sizes=\"(max-width: 686px) 100vw, 686px\" \/><figcaption><strong> Cl\u0103tite la topogan <\/strong><\/figcaption><\/figure>\n\n\n\n<figure class=\"wp-block-gallery columns-1 is-cropped\"><ul class=\"blocks-gallery-grid\"><li class=\"blocks-gallery-item\"><figure><img loading=\"lazy\" width=\"550\" height=\"440\" src=\"http:\/\/www.clatitelatopogan.ro\/wp-content\/uploads\/2020\/02\/CIOCOLATA-M-AND-M.jpg\" alt=\"\" data-id=\"288\" data-full-url=\"http:\/\/www.clatitelatopogan.ro\/wp-content\/uploads\/2020\/02\/CIOCOLATA-M-AND-M.jpg\" data-link=\"http:\/\/www.clatitelatopogan.ro\/index.php\/specialitatile-noastre\/ciocolata-m-and-m\/#main\" class=\"wp-image-288\" srcset=\"https:\/\/www.clatitelatopogan.ro\/wp-content\/uploads\/2020\/02\/CIOCOLATA-M-AND-M.jpg 550w, https:\/\/www.clatitelatopogan.ro\/wp-content\/uploads\/2020\/02\/CIOCOLATA-M-AND-M-300x240.jpg 300w\" sizes=\"(max-width: 550px) 100vw, 550px\" \/><\/figure><\/li><\/ul><figcaption class=\"blocks-gallery-caption\"><strong>Cl\u0103tit\u0103 M&amp;M&#8217;S<\/strong><\/figcaption><\/figure>\n\n\n\n<figure class=\"wp-block-image size-large\"><img loading=\"lazy\" width=\"550\" height=\"440\" src=\"http:\/\/www.clatitelatopogan.ro\/wp-content\/uploads\/2020\/02\/CIOCOLATA-BANANA.jpg\" alt=\"\" class=\"wp-image-295\" srcset=\"https:\/\/www.clatitelatopogan.ro\/wp-content\/uploads\/2020\/02\/CIOCOLATA-BANANA.jpg 550w, https:\/\/www.clatitelatopogan.ro\/wp-content\/uploads\/2020\/02\/CIOCOLATA-BANANA-300x240.jpg 300w\" sizes=\"(max-width: 550px) 100vw, 550px\" \/><figcaption><strong>Cl\u0103tit\u0103 cu ciocolat\u0103 \u0219i banan\u0103<\/strong><\/figcaption><\/figure>\n\n\n\n<figure class=\"wp-block-image size-large\"><img loading=\"lazy\" width=\"550\" height=\"440\" src=\"http:\/\/www.clatitelatopogan.ro\/wp-content\/uploads\/2020\/02\/CIOCOLATA-CAPSUNI.jpg\" alt=\"\" class=\"wp-image-296\" srcset=\"https:\/\/www.clatitelatopogan.ro\/wp-content\/uploads\/2020\/02\/CIOCOLATA-CAPSUNI.jpg 550w, https:\/\/www.clatitelatopogan.ro\/wp-content\/uploads\/2020\/02\/CIOCOLATA-CAPSUNI-300x240.jpg 300w\" sizes=\"(max-width: 550px) 100vw, 550px\" \/><figcaption><strong>Cl\u0103tit\u0103 cu ciocolat\u0103 \u0219i c\u0103p\u0219uni<\/strong><\/figcaption><\/figure>\n\n\n\n<figure class=\"wp-block-image size-large\"><img loading=\"lazy\" width=\"550\" height=\"440\" src=\"http:\/\/www.clatitelatopogan.ro\/wp-content\/uploads\/2020\/02\/COACAZE.jpg\" alt=\"\" class=\"wp-image-298\" srcset=\"https:\/\/www.clatitelatopogan.ro\/wp-content\/uploads\/2020\/02\/COACAZE.jpg 550w, https:\/\/www.clatitelatopogan.ro\/wp-content\/uploads\/2020\/02\/COACAZE-300x240.jpg 300w\" sizes=\"(max-width: 550px) 100vw, 550px\" \/><figcaption><strong>Cl\u0103tit\u0103 cu coac\u0103ze<\/strong><\/figcaption><\/figure>\n\n\n\n<figure class=\"wp-block-image size-large\"><img loading=\"lazy\" width=\"550\" height=\"440\" src=\"http:\/\/www.clatitelatopogan.ro\/wp-content\/uploads\/2020\/02\/CLATITA-OMLETA.jpg\" alt=\"\" class=\"wp-image-297\" srcset=\"https:\/\/www.clatitelatopogan.ro\/wp-content\/uploads\/2020\/02\/CLATITA-OMLETA.jpg 550w, https:\/\/www.clatitelatopogan.ro\/wp-content\/uploads\/2020\/02\/CLATITA-OMLETA-300x240.jpg 300w\" sizes=\"(max-width: 550px) 100vw, 550px\" \/><figcaption><strong>Cl\u0103tit\u0103 omlet\u0103<\/strong><\/figcaption><\/figure>\n\n\n\n<figure class=\"wp-block-gallery columns-2 is-cropped\"><ul class=\"blocks-gallery-grid\"><li class=\"blocks-gallery-item\"><figure><img loading=\"lazy\" width=\"550\" height=\"440\" src=\"http:\/\/www.clatitelatopogan.ro\/wp-content\/uploads\/2020\/02\/CLATITE-OLANDEZE-CU-TOPING-MARE.jpg\" alt=\"\" data-id=\"289\" data-link=\"http:\/\/www.clatitelatopogan.ro\/index.php\/specialitatile-noastre\/clatite-olandeze-cu-toping-mare\/#main\" class=\"wp-image-289\" srcset=\"https:\/\/www.clatitelatopogan.ro\/wp-content\/uploads\/2020\/02\/CLATITE-OLANDEZE-CU-TOPING-MARE.jpg 550w, https:\/\/www.clatitelatopogan.ro\/wp-content\/uploads\/2020\/02\/CLATITE-OLANDEZE-CU-TOPING-MARE-300x240.jpg 300w\" sizes=\"(max-width: 550px) 100vw, 550px\" \/><\/figure><\/li><li class=\"blocks-gallery-item\"><figure><img loading=\"lazy\" width=\"550\" height=\"440\" src=\"http:\/\/www.clatitelatopogan.ro\/wp-content\/uploads\/2020\/02\/CLATITE-OLANDEZE-CU-TOPING-MIC.jpg\" alt=\"\" data-id=\"290\" data-full-url=\"http:\/\/www.clatitelatopogan.ro\/wp-content\/uploads\/2020\/02\/CLATITE-OLANDEZE-CU-TOPING-MIC.jpg\" data-link=\"http:\/\/www.clatitelatopogan.ro\/index.php\/specialitatile-noastre\/clatite-olandeze-cu-toping-mic\/#main\" class=\"wp-image-290\" srcset=\"https:\/\/www.clatitelatopogan.ro\/wp-content\/uploads\/2020\/02\/CLATITE-OLANDEZE-CU-TOPING-MIC.jpg 550w, https:\/\/www.clatitelatopogan.ro\/wp-content\/uploads\/2020\/02\/CLATITE-OLANDEZE-CU-TOPING-MIC-300x240.jpg 300w\" sizes=\"(max-width: 550px) 100vw, 550px\" \/><\/figure><\/li><\/ul><figcaption class=\"blocks-gallery-caption\"><strong>Cl\u0103tite olandeze<\/strong> <strong>cu toping mare \/ mic<\/strong><\/figcaption><\/figure>\n\n\n\n<figure class=\"wp-block-gallery columns-3 is-cropped\"><ul class=\"blocks-gallery-grid\"><li class=\"blocks-gallery-item\"><figure><img loading=\"lazy\" width=\"685\" height=\"627\" src=\"http:\/\/www.clatitelatopogan.ro\/wp-content\/uploads\/2020\/01\/Clatite-olandeze-cu-inghetata-1.jpg\" alt=\"\" data-id=\"227\" class=\"wp-image-227\" srcset=\"https:\/\/www.clatitelatopogan.ro\/wp-content\/uploads\/2020\/01\/Clatite-olandeze-cu-inghetata-1.jpg 685w, https:\/\/www.clatitelatopogan.ro\/wp-content\/uploads\/2020\/01\/Clatite-olandeze-cu-inghetata-1-300x275.jpg 300w\" sizes=\"(max-width: 685px) 100vw, 685px\" \/><\/figure><\/li><li class=\"blocks-gallery-item\"><figure><img loading=\"lazy\" width=\"768\" height=\"1024\" src=\"http:\/\/www.clatitelatopogan.ro\/wp-content\/uploads\/2020\/01\/Clatite-olandeze-cu-inghetata2-1-768x1024.jpg\" alt=\"\" data-id=\"280\" data-link=\"http:\/\/www.clatitelatopogan.ro\/index.php\/specialitatile-noastre\/clatite-olandeze-cu-inghetata2-1\/#main\" class=\"wp-image-280\" srcset=\"https:\/\/www.clatitelatopogan.ro\/wp-content\/uploads\/2020\/01\/Clatite-olandeze-cu-inghetata2-1-768x1024.jpg 768w, https:\/\/www.clatitelatopogan.ro\/wp-content\/uploads\/2020\/01\/Clatite-olandeze-cu-inghetata2-1-225x300.jpg 225w, https:\/\/www.clatitelatopogan.ro\/wp-content\/uploads\/2020\/01\/Clatite-olandeze-cu-inghetata2-1-1152x1536.jpg 1152w, https:\/\/www.clatitelatopogan.ro\/wp-content\/uploads\/2020\/01\/Clatite-olandeze-cu-inghetata2-1.jpg 1200w\" sizes=\"(max-width: 768px) 100vw, 768px\" \/><\/figure><\/li><li class=\"blocks-gallery-item\"><figure><img loading=\"lazy\" width=\"768\" height=\"1024\" src=\"http:\/\/www.clatitelatopogan.ro\/wp-content\/uploads\/2020\/01\/Clatite-olandeze-cu-inghetata3-768x1024.jpg\" alt=\"\" data-id=\"282\" data-full-url=\"http:\/\/www.clatitelatopogan.ro\/wp-content\/uploads\/2020\/01\/Clatite-olandeze-cu-inghetata3.jpg\" data-link=\"http:\/\/www.clatitelatopogan.ro\/index.php\/specialitatile-noastre\/clatite-olandeze-cu-inghetata3\/#main\" class=\"wp-image-282\" srcset=\"https:\/\/www.clatitelatopogan.ro\/wp-content\/uploads\/2020\/01\/Clatite-olandeze-cu-inghetata3-768x1024.jpg 768w, https:\/\/www.clatitelatopogan.ro\/wp-content\/uploads\/2020\/01\/Clatite-olandeze-cu-inghetata3-225x300.jpg 225w, https:\/\/www.clatitelatopogan.ro\/wp-content\/uploads\/2020\/01\/Clatite-olandeze-cu-inghetata3-1152x1536.jpg 1152w, https:\/\/www.clatitelatopogan.ro\/wp-content\/uploads\/2020\/01\/Clatite-olandeze-cu-inghetata3.jpg 1200w\" sizes=\"(max-width: 768px) 100vw, 768px\" \/><\/figure><\/li><\/ul><figcaption class=\"blocks-gallery-caption\"><strong>Cl\u0103tite olandeze cu \u00eenghe\u021bat\u0103<\/strong><\/figcaption><\/figure>\n\n\n\n<figure class=\"wp-block-gallery columns-3 is-cropped\"><ul class=\"blocks-gallery-grid\"><li class=\"blocks-gallery-item\"><figure><img loading=\"lazy\" width=\"611\" height=\"637\" src=\"http:\/\/www.clatitelatopogan.ro\/wp-content\/uploads\/2019\/10\/clatite11.jpg\" alt=\"\" data-id=\"55\" data-link=\"http:\/\/www.clatitelatopogan.ro\/index.php\/specialitatile-noastre\/clatite11\/#main\" class=\"wp-image-55\" srcset=\"https:\/\/www.clatitelatopogan.ro\/wp-content\/uploads\/2019\/10\/clatite11.jpg 611w, https:\/\/www.clatitelatopogan.ro\/wp-content\/uploads\/2019\/10\/clatite11-288x300.jpg 288w\" sizes=\"(max-width: 611px) 100vw, 611px\" \/><\/figure><\/li><li class=\"blocks-gallery-item\"><figure><img loading=\"lazy\" width=\"697\" height=\"748\" src=\"http:\/\/www.clatitelatopogan.ro\/wp-content\/uploads\/2020\/01\/Clatita-cu-inghetata-1.jpg\" alt=\"\" data-id=\"224\" data-link=\"http:\/\/www.clatitelatopogan.ro\/index.php\/specialitatile-noastre\/clatita-cu-inghetata-1\/#main\" class=\"wp-image-224\" srcset=\"https:\/\/www.clatitelatopogan.ro\/wp-content\/uploads\/2020\/01\/Clatita-cu-inghetata-1.jpg 697w, https:\/\/www.clatitelatopogan.ro\/wp-content\/uploads\/2020\/01\/Clatita-cu-inghetata-1-280x300.jpg 280w\" sizes=\"(max-width: 697px) 100vw, 697px\" \/><\/figure><\/li><li class=\"blocks-gallery-item\"><figure><img loading=\"lazy\" width=\"511\" height=\"753\" src=\"http:\/\/www.clatitelatopogan.ro\/wp-content\/uploads\/2020\/01\/Clatita-cu-inghetata-3.jpg\" alt=\"\" data-id=\"226\" data-full-url=\"http:\/\/www.clatitelatopogan.ro\/wp-content\/uploads\/2020\/01\/Clatita-cu-inghetata-3.jpg\" data-link=\"http:\/\/www.clatitelatopogan.ro\/index.php\/specialitatile-noastre\/clatita-cu-inghetata-3\/#main\" class=\"wp-image-226\" srcset=\"https:\/\/www.clatitelatopogan.ro\/wp-content\/uploads\/2020\/01\/Clatita-cu-inghetata-3.jpg 511w, https:\/\/www.clatitelatopogan.ro\/wp-content\/uploads\/2020\/01\/Clatita-cu-inghetata-3-204x300.jpg 204w\" sizes=\"(max-width: 511px) 100vw, 511px\" \/><\/figure><\/li><\/ul><figcaption class=\"blocks-gallery-caption\"><strong>Cl\u0103tite cu inghe\u021bat\u0103<\/strong><\/figcaption><\/figure>\n\n\n\n<figure class=\"wp-block-image size-large\"><img loading=\"lazy\" width=\"550\" height=\"440\" src=\"http:\/\/www.clatitelatopogan.ro\/wp-content\/uploads\/2020\/02\/CLATITA-CU-BRANZA-SARATA-SI-MARAR.jpg\" alt=\"\" class=\"wp-image-294\" srcset=\"https:\/\/www.clatitelatopogan.ro\/wp-content\/uploads\/2020\/02\/CLATITA-CU-BRANZA-SARATA-SI-MARAR.jpg 550w, https:\/\/www.clatitelatopogan.ro\/wp-content\/uploads\/2020\/02\/CLATITA-CU-BRANZA-SARATA-SI-MARAR-300x240.jpg 300w\" sizes=\"(max-width: 550px) 100vw, 550px\" \/><figcaption> <strong>Cl\u0103tit\u0103 cu br\u00e2nz\u0103 s\u0103rat\u0103 \u0219i m\u0103rar<\/strong><\/figcaption><\/figure>\n\n\n\n<figure class=\"wp-block-image\"><img loading=\"lazy\" width=\"550\" height=\"440\" src=\"http:\/\/www.clatitelatopogan.ro\/wp-content\/uploads\/2020\/02\/CLATITA-CU-BRANZA-DULCE.jpg\" alt=\"\" class=\"wp-image-293\" srcset=\"https:\/\/www.clatitelatopogan.ro\/wp-content\/uploads\/2020\/02\/CLATITA-CU-BRANZA-DULCE.jpg 550w, https:\/\/www.clatitelatopogan.ro\/wp-content\/uploads\/2020\/02\/CLATITA-CU-BRANZA-DULCE-300x240.jpg 300w\" sizes=\"(max-width: 550px) 100vw, 550px\" \/><figcaption><strong>Cl\u0103tit\u0103 cu br\u00e2nz\u0103 dulce <\/strong><\/figcaption><\/figure>\n\n\n\n<figure class=\"wp-block-image size-large\"><img loading=\"lazy\" width=\"550\" height=\"440\" src=\"http:\/\/www.clatitelatopogan.ro\/wp-content\/uploads\/2020\/02\/OMLETA-PE-PLITA-1.jpg\" alt=\"\" class=\"wp-image-299\" srcset=\"https:\/\/www.clatitelatopogan.ro\/wp-content\/uploads\/2020\/02\/OMLETA-PE-PLITA-1.jpg 550w, https:\/\/www.clatitelatopogan.ro\/wp-content\/uploads\/2020\/02\/OMLETA-PE-PLITA-1-300x240.jpg 300w\" sizes=\"(max-width: 550px) 100vw, 550px\" \/><figcaption><strong>Omlet\u0103 pe plit\u0103<\/strong><\/figcaption><\/figure>\n\n\n\n<figure class=\"wp-block-image size-large\"><img src=\"blob:http:\/\/www.clatitelatopogan.ro\/4c2fdad0-d621-4741-ba30-573600c69114\" alt=\"\"\/><\/figure>\n\n\n\n<figure class=\"wp-block-image size-large\"><img loading=\"lazy\" width=\"628\" height=\"680\" src=\"http:\/\/www.clatitelatopogan.ro\/wp-content\/uploads\/2020\/01\/Ceai2.jpg\" alt=\"\" class=\"wp-image-260\" srcset=\"https:\/\/www.clatitelatopogan.ro\/wp-content\/uploads\/2020\/01\/Ceai2.jpg 628w, https:\/\/www.clatitelatopogan.ro\/wp-content\/uploads\/2020\/01\/Ceai2-277x300.jpg 277w\" sizes=\"(max-width: 628px) 100vw, 628px\" \/><figcaption><strong>Ceai<\/strong><\/figcaption><\/figure>\n\n\n\n<figure class=\"wp-block-image size-large\"><img loading=\"lazy\" width=\"505\" height=\"516\" src=\"http:\/\/www.clatitelatopogan.ro\/wp-content\/uploads\/2020\/01\/sucdemere2.jpg\" alt=\"\" class=\"wp-image-263\" srcset=\"https:\/\/www.clatitelatopogan.ro\/wp-content\/uploads\/2020\/01\/sucdemere2.jpg 505w, https:\/\/www.clatitelatopogan.ro\/wp-content\/uploads\/2020\/01\/sucdemere2-294x300.jpg 294w\" sizes=\"(max-width: 505px) 100vw, 505px\" \/><figcaption><strong>Suc de mere<\/strong><\/figcaption><\/figure>\n","protected":false},"excerpt":{"rendered":"","protected":false},"author":1,"featured_media":0,"parent":0,"menu_order":2,"comment_status":"closed","ping_status":"closed","template":"","meta":[],"_links":{"self":[{"href":"https:\/\/www.clatitelatopogan.ro\/index.php\/wp-json\/wp\/v2\/pages\/15"}],"collection":[{"href":"https:\/\/www.clatitelatopogan.ro\/index.php\/wp-json\/wp\/v2\/pages"}],"about":[{"href":"https:\/\/www.clatitelatopogan.ro\/index.php\/wp-json\/wp\/v2\/types\/page"}],"author":[{"embeddable":true,"href":"https:\/\/www.clatitelatopogan.ro\/index.php\/wp-json\/wp\/v2\/users\/1"}],"replies":[{"embeddable":true,"href":"https:\/\/www.clatitelatopogan.ro\/index.php\/wp-json\/wp\/v2\/comments?post=15"}],"version-history":[{"count":32,"href":"https:\/\/www.clatitelatopogan.ro\/index.php\/wp-json\/wp\/v2\/pages\/15\/revisions"}],"predecessor-version":[{"id":301,"href":"https:\/\/www.clatitelatopogan.ro\/index.php\/wp-json\/wp\/v2\/pages\/15\/revisions\/301"}],"wp:attachment":[{"href":"https:\/\/www.clatitelatopogan.ro\/index.php\/wp-json\/wp\/v2\/media?parent=15"}],"curies":[{"name":"wp","href":"https:\/\/api.w.org\/{rel}","templated":true}]}}