{"id":119,"date":"2019-10-15T12:16:11","date_gmt":"2019-10-15T12:16:11","guid":{"rendered":"http:\/\/www.clatitelatopogan.ro\/?page_id=119"},"modified":"2020-02-24T15:32:16","modified_gmt":"2020-02-24T15:32:16","slug":"cum-comandam","status":"publish","type":"page","link":"https:\/\/www.clatitelatopogan.ro\/index.php\/cum-comandam\/","title":{"rendered":"Cum comand\u0103m"},"content":{"rendered":"\n<div class=\"wp-block-group\"><div class=\"wp-block-group__inner-container\">\n<h4 class=\"has-text-align-left\">Din data de 20.02.2020 , pute\u021bi comanda online produsele noastre prin livratori renumiti precum Ubereats si Glovo, acces\u00e2nd urmatoarele link-uri:<\/h4>\n\n\n\n<div class=\"wp-block-group\"><div class=\"wp-block-group__inner-container\">\n<h4 class=\"has-text-align-left\"><a rel=\"noreferrer noopener\" aria-label=\" (se deschide \u00eentr-o fil\u0103 nou\u0103)\" href=\"https:\/\/www.ubereats.com\/ro-RO\/bucharest\/food-delivery\/clatite-la-topogan\/CfNAV--tRYGoEwIm6ePHFA\/\" target=\"_blank\">https:\/\/www.ubereats.com\/ro-RO\/bucharest\/food-delivery\/clatite-la-topogan\/CfNAV&#8211;tRYGoEwIm6ePHFA\/<\/a> <\/h4>\n\n\n\n<h4><a rel=\"noreferrer noopener\" aria-label=\" (se deschide \u00eentr-o fil\u0103 nou\u0103)\" href=\"https:\/\/glovoapp.com\/ro_RO\/buc\/store\/-clatite-la-topogan-\/\" target=\"_blank\"><strong>https:\/\/glovoapp.com\/ro_RO\/buc\/store\/-clatite-la-topogan-\/<\/strong><\/a><\/h4>\n<\/div><\/div>\n<\/div><\/div>\n\n\n\n<figure class=\"wp-block-gallery columns-0 is-cropped\"><ul class=\"blocks-gallery-grid\"><\/ul><\/figure>\n","protected":false},"excerpt":{"rendered":"<p>Din data de 20.02.2020 , pute\u021bi comanda online produsele noastre prin livratori renumiti precum Ubereats si Glovo, acces\u00e2nd urmatoarele link-uri: [&hellip;]<\/p>\n","protected":false},"author":1,"featured_media":0,"parent":0,"menu_order":3,"comment_status":"closed","ping_status":"closed","template":"","meta":[],"_links":{"self":[{"href":"https:\/\/www.clatitelatopogan.ro\/index.php\/wp-json\/wp\/v2\/pages\/119"}],"collection":[{"href":"https:\/\/www.clatitelatopogan.ro\/index.php\/wp-json\/wp\/v2\/pages"}],"about":[{"href":"https:\/\/www.clatitelatopogan.ro\/index.php\/wp-json\/wp\/v2\/types\/page"}],"author":[{"embeddable":true,"href":"https:\/\/www.clatitelatopogan.ro\/index.php\/wp-json\/wp\/v2\/users\/1"}],"replies":[{"embeddable":true,"href":"https:\/\/www.clatitelatopogan.ro\/index.php\/wp-json\/wp\/v2\/comments?post=119"}],"version-history":[{"count":8,"href":"https:\/\/www.clatitelatopogan.ro\/index.php\/wp-json\/wp\/v2\/pages\/119\/revisions"}],"predecessor-version":[{"id":312,"href":"https:\/\/www.clatitelatopogan.ro\/index.php\/wp-json\/wp\/v2\/pages\/119\/revisions\/312"}],"wp:attachment":[{"href":"https:\/\/www.clatitelatopogan.ro\/index.php\/wp-json\/wp\/v2\/media?parent=119"}],"curies":[{"name":"wp","href":"https:\/\/api.w.org\/{rel}","templated":true}]}}